{"id":344,"date":"2025-04-15T17:09:19","date_gmt":"2025-04-15T17:09:19","guid":{"rendered":"https:\/\/www.you-p.io\/you-p.io\/?page_id=344"},"modified":"2025-09-03T13:10:09","modified_gmt":"2025-09-03T13:10:09","slug":"who-we-are","status":"publish","type":"page","link":"https:\/\/www.you-p.io\/pt\/who-we-are\/","title":{"rendered":"Quem somos"},"content":{"rendered":"<div data-elementor-type=\"wp-page\" data-elementor-id=\"344\" class=\"elementor elementor-344\">\n\t\t\t\t<div class=\"elementor-element elementor-element-5367cc6 e-con-full e-flex wpr-particle-no wpr-jarallax-no wpr-parallax-no wpr-sticky-section-no wpr-equal-height-no e-con e-parent\" data-id=\"5367cc6\" data-element_type=\"container\" data-e-type=\"container\">\n\t\t\t\t<div class=\"elementor-element elementor-element-c11fb4e elementor-widget elementor-widget-heading\" data-id=\"c11fb4e\" data-element_type=\"widget\" data-e-type=\"widget\" data-widget_type=\"heading.default\">\n\t\t\t\t<div class=\"elementor-widget-container\">\n\t\t\t\t\t<h2 class=\"elementor-heading-title elementor-size-default\">Quem somos<\/h2>\t\t\t\t<\/div>\n\t\t\t\t<\/div>\n\t\t\t\t<div class=\"elementor-element elementor-element-6fb4ecf elementor-widget elementor-widget-heading\" data-id=\"6fb4ecf\" data-element_type=\"widget\" data-e-type=\"widget\" data-widget_type=\"heading.default\">\n\t\t\t\t<div class=\"elementor-widget-container\">\n\t\t\t\t\t<h5 class=\"elementor-heading-title elementor-size-default\">You-Professional, firma de consultoria com experiencia extensiva e diversificada dentro do ambiente global, incluindo neg\u00f3cios nas Am\u00e9ricas do Norte e do Sul, Europa, Asia e Oceania.<\/h5>\t\t\t\t<\/div>\n\t\t\t\t<\/div>\n\t\t<div class=\"elementor-element elementor-element-00b5537 e-grid e-con-boxed wpr-particle-no wpr-jarallax-no wpr-parallax-no wpr-sticky-section-no wpr-equal-height-no e-con e-child\" data-id=\"00b5537\" data-element_type=\"container\" data-e-type=\"container\" data-settings=\"{&quot;background_background&quot;:&quot;classic&quot;}\">\n\t\t\t\t\t<div class=\"e-con-inner\">\n\t\t<div class=\"elementor-element elementor-element-7a7ac5d e-con-full e-flex wpr-particle-no wpr-jarallax-no wpr-parallax-no wpr-sticky-section-no wpr-equal-height-no e-con e-child\" data-id=\"7a7ac5d\" data-element_type=\"container\" data-e-type=\"container\" data-settings=\"{&quot;background_background&quot;:&quot;classic&quot;}\">\n\t\t\t\t<div class=\"elementor-element elementor-element-5492855 elementor-widget__width-inherit elementor-widget elementor-widget-image\" data-id=\"5492855\" data-element_type=\"widget\" data-e-type=\"widget\" data-widget_type=\"image.default\">\n\t\t\t\t<div class=\"elementor-widget-container\">\n\t\t\t\t\t\t\t\t\t\t\t\t\t\t\t<img decoding=\"async\" width=\"160\" height=\"160\" src=\"https:\/\/www.you-p.io\/wp-content\/uploads\/2025\/04\/bulb-5747.png\" class=\"attachment-full size-full wp-image-371\" alt=\"\" srcset=\"https:\/\/www.you-p.io\/wp-content\/uploads\/2025\/04\/bulb-5747.png 160w, https:\/\/www.you-p.io\/wp-content\/uploads\/2025\/04\/bulb-5747-150x150.png 150w\" sizes=\"(max-width: 160px) 100vw, 160px\" \/>\t\t\t\t\t\t\t\t\t\t\t\t\t\t\t<\/div>\n\t\t\t\t<\/div>\n\t\t\t\t<div class=\"elementor-element elementor-element-35fce3f elementor-widget__width-inherit elementor-widget-mobile__width-inherit elementor-widget elementor-widget-heading\" data-id=\"35fce3f\" data-element_type=\"widget\" data-e-type=\"widget\" data-widget_type=\"heading.default\">\n\t\t\t\t<div class=\"elementor-widget-container\">\n\t\t\t\t\t<h5 class=\"elementor-heading-title elementor-size-default\">Prop\u00f3sito<\/h5>\t\t\t\t<\/div>\n\t\t\t\t<\/div>\n\t\t\t\t<div class=\"elementor-element elementor-element-5202211 text-justify elementor-widget elementor-widget-text-editor\" data-id=\"5202211\" data-element_type=\"widget\" data-e-type=\"widget\" data-widget_type=\"text-editor.default\">\n\t\t\t\t<div class=\"elementor-widget-container\">\n\t\t\t\t\t\t\t\t\t<p>You-Professional \u00e9 uma firma de consultoria com experi\u00eancia no mundo global e multi-cultural, especializada em estrat\u00e9gia, planejamento, e prioriza\u00e7\u00e3o para lan\u00e7amentos de novos produtos e ferramentas eletr\u00f4nicas, servi\u00e7os de p\u00f3s-venda, opera\u00e7\u00f5es de servi\u00e7o, documenta\u00e7\u00e3o t\u00e9cnica, treinamento de intera\u00e7\u00e3o com clientes e infraestrutura de neg\u00f3cios de p\u00f3s vendas.<br \/>A consultoria tamb\u00e9m oferece treinamento e mentoria de lideran\u00e7a, para ajudar l\u00edderes a engajar seus times e dar suporte no desenvolvimento profissional.<\/p>\t\t\t\t\t\t\t\t<\/div>\n\t\t\t\t<\/div>\n\t\t\t\t<\/div>\n\t\t<div class=\"elementor-element elementor-element-16f4898 e-con-full e-flex wpr-particle-no wpr-jarallax-no wpr-parallax-no wpr-sticky-section-no wpr-equal-height-no e-con e-child\" data-id=\"16f4898\" data-element_type=\"container\" data-e-type=\"container\" data-settings=\"{&quot;background_background&quot;:&quot;classic&quot;}\">\n\t\t\t\t<div class=\"elementor-element elementor-element-9b44a30 elementor-widget__width-inherit elementor-widget elementor-widget-image\" data-id=\"9b44a30\" data-element_type=\"widget\" data-e-type=\"widget\" data-widget_type=\"image.default\">\n\t\t\t\t<div class=\"elementor-widget-container\">\n\t\t\t\t\t\t\t\t\t\t\t\t\t\t\t<img decoding=\"async\" width=\"160\" height=\"160\" src=\"https:\/\/www.you-p.io\/wp-content\/uploads\/2025\/04\/rocket-5842.png\" class=\"attachment-full size-full wp-image-372\" alt=\"\" srcset=\"https:\/\/www.you-p.io\/wp-content\/uploads\/2025\/04\/rocket-5842.png 160w, https:\/\/www.you-p.io\/wp-content\/uploads\/2025\/04\/rocket-5842-150x150.png 150w\" sizes=\"(max-width: 160px) 100vw, 160px\" \/>\t\t\t\t\t\t\t\t\t\t\t\t\t\t\t<\/div>\n\t\t\t\t<\/div>\n\t\t\t\t<div class=\"elementor-element elementor-element-9189c8c elementor-widget__width-inherit elementor-widget elementor-widget-heading\" data-id=\"9189c8c\" data-element_type=\"widget\" data-e-type=\"widget\" data-widget_type=\"heading.default\">\n\t\t\t\t<div class=\"elementor-widget-container\">\n\t\t\t\t\t<h5 class=\"elementor-heading-title elementor-size-default\">Miss\u00e3o<\/h5>\t\t\t\t<\/div>\n\t\t\t\t<\/div>\n\t\t\t\t<div class=\"elementor-element elementor-element-a7bee64 text-justify elementor-widget elementor-widget-text-editor\" data-id=\"a7bee64\" data-element_type=\"widget\" data-e-type=\"widget\" data-widget_type=\"text-editor.default\">\n\t\t\t\t<div class=\"elementor-widget-container\">\n\t\t\t\t\t\t\t\t\t<p>A You-tem como miss\u00e3o habilitar indiv\u00edduos e organiza\u00e7\u00f5es para transformar desafios em oportunidades e atingir os seu total potencial, atrav\u00e9s de estrat\u00e9gias inovadoras, experi\u00eancia e solu\u00e7\u00f5es personalizadas para obter sucesso nesse mundo din\u00e2mico e sempre em movimento.<\/p>\t\t\t\t\t\t\t\t<\/div>\n\t\t\t\t<\/div>\n\t\t\t\t<\/div>\n\t\t\t\t\t<\/div>\n\t\t\t\t<\/div>\n\t\t<div class=\"elementor-element elementor-element-61b97ab e-grid e-con-boxed wpr-particle-no wpr-jarallax-no wpr-parallax-no wpr-sticky-section-no wpr-equal-height-no e-con e-child\" data-id=\"61b97ab\" data-element_type=\"container\" data-e-type=\"container\">\n\t\t\t\t\t<div class=\"e-con-inner\">\n\t\t<div class=\"elementor-element elementor-element-f26cf6a e-con-full e-flex wpr-particle-no wpr-jarallax-no wpr-parallax-no wpr-sticky-section-no wpr-equal-height-no e-con e-child\" data-id=\"f26cf6a\" data-element_type=\"container\" data-e-type=\"container\" data-settings=\"{&quot;background_background&quot;:&quot;classic&quot;}\">\n\t\t\t\t<div class=\"elementor-element elementor-element-715b03c elementor-widget elementor-widget-heading\" data-id=\"715b03c\" data-element_type=\"widget\" data-e-type=\"widget\" data-widget_type=\"heading.default\">\n\t\t\t\t<div class=\"elementor-widget-container\">\n\t\t\t\t\t<h5 class=\"elementor-heading-title elementor-size-default\">About The You-Pro<\/h5>\t\t\t\t<\/div>\n\t\t\t\t<\/div>\n\t\t\t\t<div class=\"elementor-element elementor-element-ea1de2d text-justify elementor-widget elementor-widget-text-editor\" data-id=\"ea1de2d\" data-element_type=\"widget\" data-e-type=\"widget\" data-widget_type=\"text-editor.default\">\n\t\t\t\t<div class=\"elementor-widget-container\">\n\t\t\t\t\t\t\t\t\t<div><div><strong>You-Professional Consulting<\/strong> leverages over 30 years of experience in the <strong>global automotive industry<\/strong> to drive business success and career advancement for companies and individuals. With a distinguished background in <strong>aftersales, engineering, service operations, program management, product launches, and leadership<\/strong>. The firm provides strategic guidance to enhance efficiency, innovation, and organizational growth.<br \/>You-Pro comes with diverse experience that goes from Global organizations to startups, having played key roles in shaping strategies and planning for new product launches and tools, after-sales, service, parts, and warranty operations, digital data connectivity, optimization of resources, processes, and procedures development. Set new industry standards and influenced product engineering development, ensuring enhanced serviceability and operational excellence.\u00a0<br \/>You-Pro also brings a global leadership expertise, having acted across <strong>North and South America, Europe, Asia, and Oceania<\/strong>, which drove high levels of team engagement and performance.<\/div><p>\u00a0<\/p><div><strong>Forma\u00e7\u00e3o Acad\u00eamica &amp; Lideran\u00e7a na Diversidade<\/strong><\/div><div>You-Pro has a strong collection of educational backgrounds within its members, including Engineering, Executive MBAs, Business, and multi-lingual.<br \/>Beyond that, You-Pro culture is passionate about fairness and inclusion, having served the communities at the global level, supporting employee resource groups, and mentoring underprivileged teenagers for their careers.<\/div><div>\u00a0<\/div><div><strong>Reconhecimento\u00a0<\/strong><\/div><div>You-Pro members received prestigious awards, including the Global Women\u2019s Envoy Award from the National Association for Female Executives (NAFE), for fostering the growth of exceptional women in the automotive field, and a featured publication in Marquis Who&#8217;s Who, highlighting leadership and global business within the automotive after-sales industry.<\/div><p>\u00a0<\/p><div><strong>Nossa Miss\u00e3o<\/strong><\/div><div>You-Pro has as a mission to enable individuals and organizations to transform challenges into opportunities and achieve their fullest potential through innovative strategies, expertise, and personalized solutions to succeed in a dynamic and ever-changing world.<\/div><\/div>\t\t\t\t\t\t\t\t<\/div>\n\t\t\t\t<\/div>\n\t\t\t\t<div class=\"elementor-element elementor-element-fab93ca elementor-shape-circle elementor-grid-0 e-grid-align-center elementor-widget elementor-widget-social-icons\" data-id=\"fab93ca\" data-element_type=\"widget\" data-e-type=\"widget\" data-widget_type=\"social-icons.default\">\n\t\t\t\t<div class=\"elementor-widget-container\">\n\t\t\t\t\t\t\t<div class=\"elementor-social-icons-wrapper elementor-grid\" role=\"list\">\n\t\t\t\t\t\t\t<span class=\"elementor-grid-item\" role=\"listitem\">\n\t\t\t\t\t<a class=\"elementor-icon elementor-social-icon elementor-social-icon-linkedin elementor-repeater-item-9531686\" href=\"https:\/\/www.linkedin.com\/in\/erika-zorzin-molina\/\u200b\" target=\"_blank\">\n\t\t\t\t\t\t<span class=\"elementor-screen-only\">Linkedin<\/span>\n\t\t\t\t\t\t<svg aria-hidden=\"true\" class=\"e-font-icon-svg e-fab-linkedin\" viewbox=\"0 0 448 512\" xmlns=\"http:\/\/www.w3.org\/2000\/svg\"><path d=\"M416 32H31.9C14.3 32 0 46.5 0 64.3v383.4C0 465.5 14.3 480 31.9 480H416c17.6 0 32-14.5 32-32.3V64.3c0-17.8-14.4-32.3-32-32.3zM135.4 416H69V202.2h66.5V416zm-33.2-243c-21.3 0-38.5-17.3-38.5-38.5S80.9 96 102.2 96c21.2 0 38.5 17.3 38.5 38.5 0 21.3-17.2 38.5-38.5 38.5zm282.1 243h-66.4V312c0-24.8-.5-56.7-34.5-56.7-34.6 0-39.9 27-39.9 54.9V416h-66.4V202.2h63.7v29.2h.9c8.9-16.8 30.6-34.5 62.9-34.5 67.2 0 79.7 44.3 79.7 101.9V416z\"><\/path><\/svg>\t\t\t\t\t<\/a>\n\t\t\t\t<\/span>\n\t\t\t\t\t\t\t<span class=\"elementor-grid-item\" role=\"listitem\">\n\t\t\t\t\t<a class=\"elementor-icon elementor-social-icon elementor-social-icon-link elementor-repeater-item-e6fb2aa\" href=\"https:\/\/www.24-7pressrelease.com\/press-release-%20service\/517108\" target=\"_blank\">\n\t\t\t\t\t\t<span class=\"elementor-screen-only\">Link<\/span>\n\t\t\t\t\t\t<svg aria-hidden=\"true\" class=\"e-font-icon-svg e-fas-link\" viewbox=\"0 0 512 512\" xmlns=\"http:\/\/www.w3.org\/2000\/svg\"><path d=\"M326.612 185.391c59.747 59.809 58.927 155.698.36 214.59-.11.12-.24.25-.36.37l-67.2 67.2c-59.27 59.27-155.699 59.262-214.96 0-59.27-59.26-59.27-155.7 0-214.96l37.106-37.106c9.84-9.84 26.786-3.3 27.294 10.606.648 17.722 3.826 35.527 9.69 52.721 1.986 5.822.567 12.262-3.783 16.612l-13.087 13.087c-28.026 28.026-28.905 73.66-1.155 101.96 28.024 28.579 74.086 28.749 102.325.51l67.2-67.19c28.191-28.191 28.073-73.757 0-101.83-3.701-3.694-7.429-6.564-10.341-8.569a16.037 16.037 0 0 1-6.947-12.606c-.396-10.567 3.348-21.456 11.698-29.806l21.054-21.055c5.521-5.521 14.182-6.199 20.584-1.731a152.482 152.482 0 0 1 20.522 17.197zM467.547 44.449c-59.261-59.262-155.69-59.27-214.96 0l-67.2 67.2c-.12.12-.25.25-.36.37-58.566 58.892-59.387 154.781.36 214.59a152.454 152.454 0 0 0 20.521 17.196c6.402 4.468 15.064 3.789 20.584-1.731l21.054-21.055c8.35-8.35 12.094-19.239 11.698-29.806a16.037 16.037 0 0 0-6.947-12.606c-2.912-2.005-6.64-4.875-10.341-8.569-28.073-28.073-28.191-73.639 0-101.83l67.2-67.19c28.239-28.239 74.3-28.069 102.325.51 27.75 28.3 26.872 73.934-1.155 101.96l-13.087 13.087c-4.35 4.35-5.769 10.79-3.783 16.612 5.864 17.194 9.042 34.999 9.69 52.721.509 13.906 17.454 20.446 27.294 10.606l37.106-37.106c59.271-59.259 59.271-155.699.001-214.959z\"><\/path><\/svg>\t\t\t\t\t<\/a>\n\t\t\t\t<\/span>\n\t\t\t\t\t<\/div>\n\t\t\t\t\t\t<\/div>\n\t\t\t\t<\/div>\n\t\t\t\t<\/div>\n\t\t\t\t\t<\/div>\n\t\t\t\t<\/div>\n\t\t\t\t<\/div>\n\t\t\t\t<\/div>","protected":false},"excerpt":{"rendered":"<p>Who we Are You-Professional A Consulting Company with extensive and diverse experience in the global environment, including businesses in North and South America, Europe, Asia,\u00a0and\u00a0Oceania. Purpose You-Professional is a consulting firm with global, cross-cultural expertise, specializing in strategy, planning, and prioritization for product and tool launches, after-sales services, service operations, technical documentation, customer training, and post-sale business infrastructure.The firm also offers leadership coaching and mentoring to help leaders engage their teams and support professional development. Mission At You-Professional Consulting Company, we enable individuals and organizations to transform challenges into opportunities and achieve their fullest potential through innovative strategies, expertise, and personalized solutions to succeed in a dynamic and ever-changing world.\u200b About The You-Pro You-Professional Consulting leverages over 30 years of experience in the global automotive industry to drive business success and career advancement for companies and individuals. With a distinguished background in aftersales, engineering, service operations, program management, product launches, and leadership. The firm provides strategic guidance to enhance efficiency, innovation, and organizational growth.You-Pro comes with diverse experience that goes from Global organizations to startups, having played key roles in shaping strategies and planning for new product launches and tools, after-sales, service, parts, and warranty operations, digital data connectivity, optimization of resources, processes, and procedures development. Set new industry standards and influenced product engineering development, ensuring enhanced serviceability and operational excellence.\u00a0You-Pro also brings a global leadership expertise, having acted across North and South America, Europe, Asia, and Oceania, which drove high levels of team engagement and performance. \u00a0 Education &amp; Leadership in DiversityYou-Pro has a strong collection of educational backgrounds within its members, including Engineering, Executive MBAs, Business, and multi-lingual.Beyond that, You-Pro culture is passionate about fairness and inclusion, having served the communities at the global level, supporting employee resource groups, and mentoring underprivileged teenagers for their careers.\u00a0Recognition\u00a0You-Pro members received prestigious awards, including the Global Women\u2019s Envoy Award from the National Association for Female Executives (NAFE), for fostering the growth of exceptional women in the automotive field, and a featured publication in Marquis Who&#8217;s Who, highlighting leadership and global business within the automotive after-sales industry. \u00a0 Our MissionYou-Pro has as a mission to enable individuals and organizations to transform challenges into opportunities and achieve their fullest potential through innovative strategies, expertise, and personalized solutions to succeed in a dynamic and ever-changing world. Linkedin Link<\/p>","protected":false},"author":1,"featured_media":195,"parent":0,"menu_order":0,"comment_status":"closed","ping_status":"closed","template":"","meta":{"site-sidebar-layout":"no-sidebar","site-content-layout":"","ast-site-content-layout":"full-width-container","site-content-style":"default","site-sidebar-style":"default","ast-global-header-display":"","ast-banner-title-visibility":"","ast-main-header-display":"","ast-hfb-above-header-display":"","ast-hfb-below-header-display":"","ast-hfb-mobile-header-display":"","site-post-title":"disabled","ast-breadcrumbs-content":"","ast-featured-img":"disabled","footer-sml-layout":"","theme-transparent-header-meta":"disabled","adv-header-id-meta":"","stick-header-meta":"","header-above-stick-meta":"","header-main-stick-meta":"","header-below-stick-meta":"","astra-migrate-meta-layouts":"default","ast-page-background-enabled":"default","ast-page-background-meta":{"desktop":{"background-color":"var(--ast-global-color-5)","background-image":"","background-repeat":"repeat","background-position":"center center","background-size":"auto","background-attachment":"scroll","background-type":"","background-media":"","overlay-type":"","overlay-color":"","overlay-opacity":"","overlay-gradient":""},"tablet":{"background-color":"","background-image":"","background-repeat":"repeat","background-position":"center center","background-size":"auto","background-attachment":"scroll","background-type":"","background-media":"","overlay-type":"","overlay-color":"","overlay-opacity":"","overlay-gradient":""},"mobile":{"background-color":"","background-image":"","background-repeat":"repeat","background-position":"center center","background-size":"auto","background-attachment":"scroll","background-type":"","background-media":"","overlay-type":"","overlay-color":"","overlay-opacity":"","overlay-gradient":""}},"ast-content-background-meta":{"desktop":{"background-color":"var(--ast-global-color-4)","background-image":"","background-repeat":"repeat","background-position":"center center","background-size":"auto","background-attachment":"scroll","background-type":"","background-media":"","overlay-type":"","overlay-color":"","overlay-opacity":"","overlay-gradient":""},"tablet":{"background-color":"var(--ast-global-color-4)","background-image":"","background-repeat":"repeat","background-position":"center center","background-size":"auto","background-attachment":"scroll","background-type":"","background-media":"","overlay-type":"","overlay-color":"","overlay-opacity":"","overlay-gradient":""},"mobile":{"background-color":"var(--ast-global-color-4)","background-image":"","background-repeat":"repeat","background-position":"center center","background-size":"auto","background-attachment":"scroll","background-type":"","background-media":"","overlay-type":"","overlay-color":"","overlay-opacity":"","overlay-gradient":""}},"footnotes":""},"class_list":["post-344","page","type-page","status-publish","has-post-thumbnail","hentry"],"_links":{"self":[{"href":"https:\/\/www.you-p.io\/pt\/wp-json\/wp\/v2\/pages\/344","targetHints":{"allow":["GET"]}}],"collection":[{"href":"https:\/\/www.you-p.io\/pt\/wp-json\/wp\/v2\/pages"}],"about":[{"href":"https:\/\/www.you-p.io\/pt\/wp-json\/wp\/v2\/types\/page"}],"author":[{"embeddable":true,"href":"https:\/\/www.you-p.io\/pt\/wp-json\/wp\/v2\/users\/1"}],"replies":[{"embeddable":true,"href":"https:\/\/www.you-p.io\/pt\/wp-json\/wp\/v2\/comments?post=344"}],"version-history":[{"count":10,"href":"https:\/\/www.you-p.io\/pt\/wp-json\/wp\/v2\/pages\/344\/revisions"}],"predecessor-version":[{"id":920,"href":"https:\/\/www.you-p.io\/pt\/wp-json\/wp\/v2\/pages\/344\/revisions\/920"}],"wp:featuredmedia":[{"embeddable":true,"href":"https:\/\/www.you-p.io\/pt\/wp-json\/wp\/v2\/media\/195"}],"wp:attachment":[{"href":"https:\/\/www.you-p.io\/pt\/wp-json\/wp\/v2\/media?parent=344"}],"curies":[{"name":"wp","href":"https:\/\/api.w.org\/{rel}","templated":true}]}}